{"id":702,"date":"2018-10-10T15:28:01","date_gmt":"2018-10-10T13:28:01","guid":{"rendered":"http:\/\/www.recolatin.eu\/new\/?page_id=702"},"modified":"2018-10-15T10:37:47","modified_gmt":"2018-10-15T08:37:47","slug":"home","status":"publish","type":"page","link":"https:\/\/www.recolatin.eu\/es\/","title":{"rendered":"MEN\u00da PRINCIPAL"},"content":{"rendered":"<p>[vc_row row_type=&#8221;row&#8221; use_row_as_full_screen_section=&#8221;no&#8221; type=&#8221;grid&#8221; text_align=&#8221;left&#8221; css_animation=&#8221;&#8221;][vc_column][vc_empty_space height=&#8221;40px&#8221;]<div class=\"custom_font_holder\" style=\" font-size: 35px; line-height: 25px; font-style: normal; font-weight: 300; color: #e3032e; text-decoration: none; text-align: left;\"><span>Sobre el proyecto<\/p>\n<hr \/>\n<p><\/span><\/div>[vc_column_text]<\/p>\n<div class=\"P-box_1\">\n<div class=\"P-par\">\n<p><strong>RecoLATIN &#8211; Credential Evaluation Centres and Recognition Procedures in Latin American Countries(Centros de Evaluaci\u00f3n de Credenciales y Procedimientos de Reconocimiento en pa\u00edses de Latinoam\u00e9rica)<\/strong><\/p>\n<p>El proyecto RecoLATIN tiene como objetivo favorecer y aumentar la calidad en la movilidad vertical y horizontal entre los sistemas de <strong>educaci\u00f3n superior de Latinoam\u00e9rica y Europa<\/strong> mediante la incrementaci\u00f3n de las <strong>convalidaciones y reconocimiento de las calificaciones<\/strong> entre estas dos regiones.<\/p>\n<p>Los socios del proyecto tienen como prop\u00f3sito <strong>mejorar sus competencias y habilidades como evaluadores<\/strong> de credenciales que definen pr\u00e1cticas y crean herramientas comunes entre los pa\u00edses europeos y latinoamericanos participantes, los organismos nacionales y las instituciones de educaci\u00f3n superior. Bas\u00e1ndose en la experiencia del Proceso de Bolonia, la experiencia de las instituciones participantes y las pr\u00e1cticas de educaci\u00f3n superior, aprobadas por la red <a href=\"http:\/\/www.enic-naric.net\/\">ENIC-NARIC<\/a>, este proyecto debe <strong>fortalecer y aumentar la colaboraci\u00f3n de ambas regiones.<\/strong><\/p>\n<\/div>\n<\/div>\n<p>Adem\u00e1s de facilitar <strong>la confianza y la comprensi\u00f3n mutuas<\/strong>, el proyecto RecoLATIN permite <strong>compartir informaci\u00f3n relevante sobre los sistemas educativos<\/strong> de ambas regiones. Actividades tales como el an\u00e1lisis de las pr\u00e1cticas aplicadas en cada pa\u00eds, el an\u00e1lisis de los flujos de movilidad entre ambas regiones y la formaci\u00f3n en pr\u00e1cticas de reconocimiento, permiten una mejor comprensi\u00f3n de las necesidades de cada pa\u00eds participante.<\/p>\n<p>Se prestar\u00e1 especial atenci\u00f3n a <strong>casos controvertidos<\/strong> de reconocimiento y sectores como la<strong> educaci\u00f3n superior transfronteriza<\/strong> (TNE) y las instituciones internacionales, los t\u00edtulos de educaci\u00f3n a distancia y la educaci\u00f3n no tradicional.[\/vc_column_text][vc_empty_space height=&#8221;40px&#8221;]<div class=\"custom_font_holder\" style=\" font-size: 35px; line-height: 25px; font-style: normal; font-weight: 300; color: #e3032e; text-decoration: none; text-align: left;\"><span>Actividades principales<\/p>\n<hr \/>\n<p><\/span><\/div>[vc_column_text]<\/p>\n<div class=\"P-box_1\">\n<div class=\"P-par\">\n<ul>\n<li><strong>Capacitaci\u00f3n online y presencial<\/strong><strong> para functionaries guvernamentales de M\u00e9xico, Panama y Uruguay<\/strong> para proporcionarles conocimientos sober sistemas de educaci\u00f3n superior en Europa, pr\u00e1cticas de reconocimiento y centros de reconocimiento nacionales;<\/li>\n<li>Elaboraci\u00f3n de <strong>informes nacionales sobre sistemas educativos<\/strong>, instituciones oficiales de educaci\u00f3n superior, programas de estudio, calificaciones y peculiaridades de M\u00e9xico, Panam\u00e1 y Uruguay, con el objetivo de facilitar la circulaci\u00f3n de informaci\u00f3n clara y completa, que es \u00fatil tanto para evaluadores de credenciales como para estudiantes;<\/li>\n<li><strong>Capacitaci\u00f3n online y presencial para personal universitario de M\u00e9xico, Panam\u00e1 y Uruguay<\/strong> para fomentar sus competencias en los procedimientos de reconocimiento acad\u00e9mico y aumentar la cooperaci\u00f3n entre universidades;<\/li>\n<li>Elaboraci\u00f3n de <strong>directrices para la evaluaci\u00f3n de instituciones no tradicionales, transfronterizas o transnacionales y educaci\u00f3n a distancia<\/strong>, y sus calificaciones para fomentar pr\u00e1cticas de reconocimiento actualizadas que puedan aplicarse incluso a los m\u00e9todos de educaci\u00f3n m\u00e1s modernos y avanzados;<\/li>\n<li><strong>Elaboraci\u00f3n y pr\u00e1ctica compartida de procedimientos para el reconocimiento de las calificaciones de los refugiados;<\/strong><\/li>\n<li>Presentaci\u00f3n e intercambio de los resultados finales del proyecto a trav\u00e9s de dos <strong>conferencias en Italia y M\u00e9xico en 2019.<\/strong><\/li>\n<\/ul>\n<\/div>\n<\/div>\n<p>[\/vc_column_text][vc_empty_space height=&#8221;40px&#8221;][\/vc_column][\/vc_row][vc_row row_type=&#8221;row&#8221; use_row_as_full_screen_section=&#8221;yes&#8221; type=&#8221;grid&#8221; text_align=&#8221;center&#8221; background_color=&#8221;#ffffff&#8221; padding_top=&#8221;40px&#8221; padding_bottom=&#8221;40px&#8221; css_animation=&#8221;&#8221;][vc_column][vc_empty_space height=&#8221;40px&#8221;]<div class='qode_carousels_holder clearfix with_space hover_second_image'><div class='qode_carousels ' data-number_of_items = 5><ul class='slides'>Sorry, no posts matched your criteria.<\/ul><\/div><\/div>[vc_empty_space height=&#8221;40px&#8221;][\/vc_column][\/vc_row]<\/p>\n","protected":false},"excerpt":{"rendered":"<p>[vc_row row_type=&#8221;row&#8221; use_row_as_full_screen_section=&#8221;no&#8221; type=&#8221;grid&#8221; text_align=&#8221;left&#8221; css_animation=&#8221;&#8221;][vc_column][vc_empty_space height=&#8221;40px&#8221;][vc_column_text] RecoLATIN &#8211; Credential Evaluation Centres and Recognition Procedures in Latin American Countries(Centros de Evaluaci\u00f3n de Credenciales y Procedimientos de Reconocimiento en pa\u00edses de Latinoam\u00e9rica) El proyecto RecoLATIN tiene como objetivo favorecer y aumentar la calidad en la movilidad&#8230;<\/p>\n","protected":false},"author":24,"featured_media":0,"parent":0,"menu_order":0,"comment_status":"closed","ping_status":"closed","template":"full_width.php","meta":[],"_links":{"self":[{"href":"https:\/\/www.recolatin.eu\/es\/wp-json\/wp\/v2\/pages\/702"}],"collection":[{"href":"https:\/\/www.recolatin.eu\/es\/wp-json\/wp\/v2\/pages"}],"about":[{"href":"https:\/\/www.recolatin.eu\/es\/wp-json\/wp\/v2\/types\/page"}],"author":[{"embeddable":true,"href":"https:\/\/www.recolatin.eu\/es\/wp-json\/wp\/v2\/users\/24"}],"replies":[{"embeddable":true,"href":"https:\/\/www.recolatin.eu\/es\/wp-json\/wp\/v2\/comments?post=702"}],"version-history":[{"count":6,"href":"https:\/\/www.recolatin.eu\/es\/wp-json\/wp\/v2\/pages\/702\/revisions"}],"predecessor-version":[{"id":783,"href":"https:\/\/www.recolatin.eu\/es\/wp-json\/wp\/v2\/pages\/702\/revisions\/783"}],"wp:attachment":[{"href":"https:\/\/www.recolatin.eu\/es\/wp-json\/wp\/v2\/media?parent=702"}],"curies":[{"name":"wp","href":"https:\/\/api.w.org\/{rel}","templated":true}]}}