{"id":704,"date":"2017-06-20T15:02:46","date_gmt":"2017-06-20T13:02:46","guid":{"rendered":"http:\/\/www.recolatin.eu\/new\/contacts-partners-links\/"},"modified":"2018-10-12T15:55:46","modified_gmt":"2018-10-12T13:55:46","slug":"contacto-socios-enlaces","status":"publish","type":"page","link":"https:\/\/www.recolatin.eu\/es\/contacto-socios-enlaces\/","title":{"rendered":"Contacto, Socios y Enlaces"},"content":{"rendered":"<p>[vc_row row_type=&#8221;row&#8221; use_row_as_full_screen_section=&#8221;no&#8221; type=&#8221;full_width&#8221; text_align=&#8221;left&#8221; css_animation=&#8221;&#8221;][vc_column]<div class=\"custom_font_holder\" style=\" font-size: 35px; line-height: 25px; font-style: normal; font-weight: 300; color: #e3032e; text-decoration: none; text-align: left;\"><span>Contacto<\/p>\n<hr \/>\n<p><\/span><\/div>[vc_column_text]<\/p>\n<section class=\"row row01\">\n<div class=\"cntRow\">\n<article>\n<div class=\"Par mainPar\">\n<div class=\"P-cont\">\n<div class=\"P-box_1\">\n<div class=\"P-par\"><strong><span lang=\"ES\">Para obtener informaci\u00f3n sobre el proyecto RecoLATIN, p\u00f3ngase en contacto con info@recolatin.eu<\/span><\/strong><\/div>\n<\/div>\n<\/div>\n<\/div>\n<\/article>\n<\/div>\n<\/section>\n<p>[\/vc_column_text][\/vc_column][\/vc_row][vc_row row_type=&#8221;row&#8221; use_row_as_full_screen_section=&#8221;no&#8221; type=&#8221;full_width&#8221; text_align=&#8221;left&#8221; css_animation=&#8221;&#8221;][vc_column][vc_separator type=&#8221;transparent&#8221; border_style=&#8221;&#8221; up=&#8221;20&#8243; down=&#8221;20&#8243;][\/vc_column][\/vc_row][vc_row row_type=&#8221;row&#8221; use_row_as_full_screen_section=&#8221;no&#8221; type=&#8221;full_width&#8221; text_align=&#8221;left&#8221; css_animation=&#8221;&#8221;][vc_column]<div class=\"custom_font_holder\" style=\" font-size: 35px; line-height: 25px; font-style: normal; font-weight: 300; color: #e3032e; text-decoration: none; text-align: left;\"><span>Socios<\/p>\n<hr \/>\n<p><\/span><\/div>[vc_column_text]<\/p>\n<section class=\"row row01\">\n<div class=\"cntRow\">\n<article>\n<div class=\"Par mainPar\">\n<div class=\"P-cont\">\n<div class=\"P-box_1\">\n<div class=\"P-par\">\n<div class=\"P-cont\">\n<div class=\"P-box_1\">\n<div class=\"P-par\">\n<p><span lang=\"ES\">El consorcio del proyecto RecoLATIN est\u00e1 formado por <strong>17 socios de Francia, Italia, M\u00e9xico, Noruega, Panam\u00e1 y Uruguay<\/strong>:<\/span><\/p>\n<ul>\n<li><a href=\"http:\/\/www.crui.it\/\" target=\"_blank\" rel=\"noopener\">Conferenza dei Rettori delle Universit\u00e0 italiane \u2013 CRUI<\/a>, Italia &#8211; Coordinador del Proyecto<\/li>\n<li><a href=\"http:\/\/www.cimea.it\">Centro di Informazione sulla Mobilit\u00e0 e le Equivalenze Accademiche &#8211; CIMEA<\/a>, Italia<\/li>\n<li><a href=\"http:\/\/www.unibo.it\/\">Alma Mater Studiorum Universit\u00e0 di Bologna<\/a>, Italia<\/li>\n<li><a href=\"http:\/\/www.ciep.fr\/enic-naric-france\" target=\"_blank\" rel=\"noopener\">Centre International d&#8217;\u00c9tudes P\u00e9dagogiques &#8211; CIEP<\/a>, Francia<\/li>\n<li><a href=\"http:\/\/www.parisdescartes.fr\/\" target=\"_blank\" rel=\"noopener\">Universit\u00e9 Paris Descartes<\/a>, Francia<\/li>\n<li><a href=\"http:\/\/www.nokut.no\" target=\"_blank\" rel=\"noopener\">Norwegian Agency for Quality Assurance in Education &#8211; NOKUT<\/a>, Noruega<\/li>\n<li><a href=\"http:\/\/www.uis.no\/\" target=\"_blank\" rel=\"noopener\">Universitetet i Stavanger<\/a>, Noruega<\/li>\n<li><a href=\"http:\/\/www.sep.gob.mx\/wb\/sep1\/sep1_Direccion_General_de_Acreditacion\" target=\"_blank\" rel=\"noopener\">Direcci\u00f3n General de Acreditaci\u00f3n Incorporaci\u00f3n y Revalidaci\u00f3n<\/a>, M\u00e9xico<\/li>\n<li><a href=\"http:\/\/www.unam.mx\/\" target=\"_blank\" rel=\"noopener\">Universidad Nacional Aut\u00f3noma de M\u00e9xico<\/a>, M\u00e9xico<\/li>\n<li><a href=\"http:\/\/www.udem.edu.mx\/\" target=\"_blank\" rel=\"noopener\">Universidad de Monterrey<\/a>, M\u00e9xico<\/li>\n<li><a href=\"http:\/\/www.educapanama.edu.pa\/\" target=\"_blank\" rel=\"noopener\">Ministerio de Educaci\u00f3n<\/a>, Panam\u00e1<\/li>\n<li><a href=\"http:\/\/www.up.ac.pa\/\" target=\"_blank\" rel=\"noopener\">Universidad de Panam\u00e1<\/a>, Panam\u00e1<\/li>\n<li><a href=\"http:\/\/www.unachi.ac.pa\/\" target=\"_blank\" rel=\"noopener\">Universidad Nacional de Chiriqu\u00ed<\/a>, Panam\u00e1<\/li>\n<li><a href=\"http:\/\/www.mec.gub.uy\/\" target=\"_blank\" rel=\"noopener\">Ministerio de Educacion y Cultura<\/a>, Uruguay<\/li>\n<li><a href=\"http:\/\/www.universidad.edu.uy\/\" target=\"_blank\" rel=\"noopener\">Universidad de la Rep\u00fablica<\/a>, Uruguay<\/li>\n<li><a href=\"http:\/\/www.ucu.edu.uy\/\" target=\"_blank\" rel=\"noopener\">Universidad Cat\u00f3lica del Uruguay<\/a>, Uruguay<\/li>\n<li><a href=\"http:\/\/www.udual.org\/\" target=\"_blank\" rel=\"noopener\">Uni\u00f3n de Universidades de Am\u00e9rica Latina y el Caribe<\/a><\/li>\n<\/ul>\n<\/div>\n<\/div>\n<\/div>\n<\/div>\n<\/div>\n<\/div>\n<\/div>\n<\/article>\n<\/div>\n<\/section>\n<p>[\/vc_column_text][\/vc_column][\/vc_row][vc_row row_type=&#8221;row&#8221; use_row_as_full_screen_section=&#8221;no&#8221; type=&#8221;full_width&#8221; text_align=&#8221;left&#8221; css_animation=&#8221;&#8221;][vc_column][vc_separator type=&#8221;transparent&#8221; border_style=&#8221;&#8221; up=&#8221;20&#8243; down=&#8221;20&#8243;][\/vc_column][\/vc_row][vc_row row_type=&#8221;row&#8221; use_row_as_full_screen_section=&#8221;no&#8221; type=&#8221;full_width&#8221; text_align=&#8221;left&#8221; css_animation=&#8221;&#8221;][vc_column]<div class=\"custom_font_holder\" style=\" font-size: 35px; line-height: 25px; font-style: normal; font-weight: 300; color: #e3032e; text-decoration: none; text-align: left;\"><span>Enlaces<\/p>\n<hr \/>\n<p><\/span><\/div>[vc_column_text]El proyecto RecoLATIN se basa en la experiencia pasada de varios proyectos financiados por la UE que abordaron, entre otros, el reconocimiento de las calificaciones y los problemas de evaluaci\u00f3n de credenciales en el campo de la educaci\u00f3n superior y el desarrollo de la cooperaci\u00f3n internacional universitaria a trav\u00e9s de programas de estudio conjuntos. Estos proyectos son:<\/p>\n<ul>\n<li><strong><a href=\"http:\/\/www.reconow.eu\" target=\"_blank\" rel=\"noopener\">RecoNow &#8211; Knowledge of recognition procedures in ENPI South countries<\/a><\/strong><\/li>\n<\/ul>\n<ul>\n<li><strong><a href=\"http:\/\/www.cimea.it\/en\/progetti-in-evidenza\/bridge\/bridge-project.aspx\" target=\"_blank\" rel=\"noopener\">Bridge &#8211; Best Recognition Instruments for the Dialogue between Global Experts<\/a> &#8211; <\/strong>Erasmus Mundus Action 3 Programme<\/li>\n<\/ul>\n<ul>\n<li><strong><a href=\"http:\/\/erasmusmundus.it\/descrizione\/what-is-inter-hed.aspx\" target=\"_blank\" rel=\"noopener\">InterHED \u2013 The Internationalisation of Higher Education<\/a> &#8211; <\/strong>Erasmus Mundus Action 3 Programme<\/li>\n<\/ul>\n<p>[\/vc_column_text][\/vc_column][\/vc_row]<\/p>\n","protected":false},"excerpt":{"rendered":"<p>[vc_row row_type=&#8221;row&#8221; use_row_as_full_screen_section=&#8221;no&#8221; type=&#8221;full_width&#8221; text_align=&#8221;left&#8221; css_animation=&#8221;&#8221;][vc_column][vc_column_text] Para obtener informaci\u00f3n sobre el proyecto RecoLATIN, p\u00f3ngase en contacto con info@recolatin.eu [\/vc_column_text][\/vc_column][\/vc_row][vc_row row_type=&#8221;row&#8221; use_row_as_full_screen_section=&#8221;no&#8221; type=&#8221;full_width&#8221; text_align=&#8221;left&#8221; css_animation=&#8221;&#8221;][vc_column][vc_separator type=&#8221;transparent&#8221; border_style=&#8221;&#8221; up=&#8221;20&#8243; down=&#8221;20&#8243;][\/vc_column][\/vc_row][vc_row row_type=&#8221;row&#8221; use_row_as_full_screen_section=&#8221;no&#8221; type=&#8221;full_width&#8221; text_align=&#8221;left&#8221; css_animation=&#8221;&#8221;][vc_column][vc_column_text] El consorcio del proyecto RecoLATIN est\u00e1 formado por 17 socios de Francia,&#8230;<\/p>\n","protected":false},"author":24,"featured_media":0,"parent":0,"menu_order":0,"comment_status":"closed","ping_status":"closed","template":"","meta":[],"_links":{"self":[{"href":"https:\/\/www.recolatin.eu\/es\/wp-json\/wp\/v2\/pages\/704"}],"collection":[{"href":"https:\/\/www.recolatin.eu\/es\/wp-json\/wp\/v2\/pages"}],"about":[{"href":"https:\/\/www.recolatin.eu\/es\/wp-json\/wp\/v2\/types\/page"}],"author":[{"embeddable":true,"href":"https:\/\/www.recolatin.eu\/es\/wp-json\/wp\/v2\/users\/24"}],"replies":[{"embeddable":true,"href":"https:\/\/www.recolatin.eu\/es\/wp-json\/wp\/v2\/comments?post=704"}],"version-history":[{"count":1,"href":"https:\/\/www.recolatin.eu\/es\/wp-json\/wp\/v2\/pages\/704\/revisions"}],"predecessor-version":[{"id":766,"href":"https:\/\/www.recolatin.eu\/es\/wp-json\/wp\/v2\/pages\/704\/revisions\/766"}],"wp:attachment":[{"href":"https:\/\/www.recolatin.eu\/es\/wp-json\/wp\/v2\/media?parent=704"}],"curies":[{"name":"wp","href":"https:\/\/api.w.org\/{rel}","templated":true}]}}