{"id":711,"date":"2017-06-20T15:01:47","date_gmt":"2017-06-20T13:01:47","guid":{"rendered":"http:\/\/www.recolatin.eu\/new\/conferences\/"},"modified":"2019-12-18T12:44:15","modified_gmt":"2019-12-18T11:44:15","slug":"seminarios-conferencias","status":"publish","type":"page","link":"https:\/\/www.recolatin.eu\/es\/seminarios-conferencias\/","title":{"rendered":"Seminarios y Conferencias"},"content":{"rendered":"<p>[vc_row row_type=&#8221;row&#8221; use_row_as_full_screen_section=&#8221;no&#8221; type=&#8221;full_width&#8221; text_align=&#8221;left&#8221; padding_top=&#8221;0&#8243; css_animation=&#8221;&#8221;][vc_column]<div class=\"custom_font_holder\" style=\" font-size: 35px; line-height: 25px; font-style: normal; font-weight: 300; color: #e3032e; text-decoration: none; text-align: left;\"><span>Conferencias<\/p>\n<hr \/>\n<p><\/span><\/div>[\/vc_column][\/vc_row][vc_row row_type=&#8221;row&#8221; use_row_as_full_screen_section=&#8221;no&#8221; type=&#8221;full_width&#8221; text_align=&#8221;left&#8221; css_animation=&#8221;&#8221;][vc_column][vc_column_text]<span lang=\"ES\">Se han organizado <strong>dos conferencias internacionales<\/strong> al final del proyecto RecoLATIN en 2019, una en M\u00e9xico y otra en Italia. Estos eventos se dirigen especialmente al personal de universidades de Am\u00e9rica Latina y Europa, representantes de instituciones gubernamentales que se ocupan de la acreditaci\u00f3n y el reconocimiento de calificaciones, evaluadores de credenciales, representantes de centros ENIC-NARIC y profesionales en el sector de educaci\u00f3n superior.<\/span>[\/vc_column_text][vc_separator type=&#8221;transparent&#8221; border_style=&#8221;&#8221;][\/vc_column][\/vc_row][vc_row row_type=&#8221;row&#8221; use_row_as_full_screen_section=&#8221;no&#8221; type=&#8221;full_width&#8221; text_align=&#8221;left&#8221; padding_bottom=&#8221;0&#8243; css_animation=&#8221;&#8221;][vc_column width=&#8221;1\/2&#8243;][vc_column_text]<strong>Mi\u00e9rcoles, 2 Octubre 2019<br \/>\n<\/strong><strong>Ministero dell&#8217;Istruzione, dell&#8217;Universit\u00e0 e della Ricerca<\/strong><\/p>\n<p>El <strong>2 de octubre, Roma<\/strong> acogi\u00f3 la <strong>\u00faltima conferencia del Proyecto Recolatin<\/strong>. El programa toc\u00f3 varios temas importantes poniendo especial atenci\u00f3n a la <strong>presentaci\u00f3n de los resultados del proyecto<\/strong> y al an\u00e1lisis presentado por expertos internacionales sobre <strong>el papel de la digitalizaci\u00f3n en el mundo del reconocimiento y la movilidad.<\/strong>[\/vc_column_text][\/vc_column][vc_column width=&#8221;1\/2&#8243;][vc_single_image image=&#8221;1070&#8243; img_size=&#8221;800&#215;500&#8243; qode_css_animation=&#8221;&#8221;][\/vc_column][\/vc_row][vc_row row_type=&#8221;row&#8221; use_row_as_full_screen_section=&#8221;no&#8221; type=&#8221;full_width&#8221; text_align=&#8221;left&#8221; css_animation=&#8221;&#8221;][vc_column][vc_separator type=&#8221;normal&#8221; border_style=&#8221;&#8221;][\/vc_column][\/vc_row][vc_row row_type=&#8221;row&#8221; use_row_as_full_screen_section=&#8221;no&#8221; type=&#8221;full_width&#8221; text_align=&#8221;left&#8221; padding_top=&#8221;0&#8243; css_animation=&#8221;&#8221;][vc_column width=&#8221;1\/2&#8243;][vc_single_image image=&#8221;1045&#8243; img_size=&#8221;800&#215;500&#8243; qode_css_animation=&#8221;&#8221;][\/vc_column][vc_column width=&#8221;1\/2&#8243;][vc_column_text]<strong>Lunes y Martes, 10 and 11 Junio 2019<br \/>\n<\/strong><strong>UNAM &#8211; Universidad Nacional Aut\u00f3noma de M\u00e9xico<\/strong><\/p>\n<p>La <strong>primera Conferencia Final<\/strong> del proyecto tuvo lugar en la Ciudad de M\u00e9xico, en la <strong>Universidad Nacional Aut\u00f3noma de M\u00e9xico<\/strong>. Fueron dos d\u00edas de intenso trabajo y estimulantes discusiones. Durante el primer d\u00eda, los expertos internacionales dieron una perspectiva global sobre los marcos de cualificaciones nacionales y regionales. El segundo d\u00eda se present\u00f3 uno de los principales resultados del proyecto: los <strong>informes nacionales de los sistemas de educaci\u00f3n superior de M\u00e9xico, Panam\u00e1 y Uruguay<\/strong>. A continuacion, tuvieron lugar unos talleres sobre los principales temas de actualidad en el mundo del reconocimiento.[\/vc_column_text][\/vc_column][\/vc_row][vc_row row_type=&#8221;row&#8221; use_row_as_full_screen_section=&#8221;no&#8221; type=&#8221;full_width&#8221; text_align=&#8221;left&#8221; css_animation=&#8221;&#8221;][vc_column][vc_separator type=&#8221;small&#8221; position=&#8221;left&#8221; color=&#8221;#ededed&#8221; border_style=&#8221;&#8221;][\/vc_column][\/vc_row][vc_row row_type=&#8221;row&#8221; use_row_as_full_screen_section=&#8221;no&#8221; type=&#8221;full_width&#8221; text_align=&#8221;left&#8221; padding_top=&#8221;0&#8243; css_animation=&#8221;&#8221;][vc_column]<div class=\"custom_font_holder\" style=\" font-size: 35px; line-height: 25px; font-style: normal; font-weight: 300; color: #e3032e; text-decoration: none; text-align: left;\"><span>Seminario y Conferencia sobre Educaci\u00f3n Transnacional<\/p>\n<hr \/>\n<p><\/span><\/div>[\/vc_column][\/vc_row][vc_row row_type=&#8221;row&#8221; use_row_as_full_screen_section=&#8221;no&#8221; type=&#8221;full_width&#8221; text_align=&#8221;left&#8221; css_animation=&#8221;&#8221;][vc_column][vc_column_text]A finales de octubre de 2018 se celebr\u00f3 en Montevideo, Uruguay, una <strong>conferencia y un seminario sobre educaci\u00f3n transnacional (TNE), programas conjuntos y Diploma Mills.<\/strong>[\/vc_column_text][vc_separator type=&#8221;transparent&#8221; border_style=&#8221;&#8221;][\/vc_column][\/vc_row][vc_row row_type=&#8221;row&#8221; use_row_as_full_screen_section=&#8221;no&#8221; type=&#8221;full_width&#8221; text_align=&#8221;left&#8221; padding_top=&#8221;0&#8243; css_animation=&#8221;&#8221;][vc_column width=&#8221;1\/2&#8243;][vc_column_text]<strong>Jueves, 25 Octubre 2018<br \/>\n<\/strong><strong>UCU &#8211; Universidad de Cat\u00f3lica del Uruguay<\/strong><\/p>\n<p>El 25 de octubre de 2018 se organiz\u00f3 en la Universidad Cat\u00f3lica del Uruguay un <strong>seminario sobre educaci\u00f3n transnacional y aprendizaje a distancia<\/strong>. Los <strong>tres pa\u00edses latinoamericanos compartieron el panorama del estado del arte<\/strong> de este tipo de educaci\u00f3n en sus sistemas de educaci\u00f3n superior. Se discuti\u00f3 sobre los <strong>desaf\u00edos<\/strong> que la educaci\u00f3n transnacional plantea en sus pa\u00edses y las<strong> buenas pr\u00e1cticas<\/strong> que se pueden implementar[\/vc_column_text][\/vc_column][vc_column width=&#8221;1\/2&#8243;][vc_single_image image=&#8221;1058&#8243; img_size=&#8221;800&#215;500&#8243; qode_css_animation=&#8221;&#8221;][\/vc_column][\/vc_row][vc_row row_type=&#8221;row&#8221; use_row_as_full_screen_section=&#8221;no&#8221; type=&#8221;full_width&#8221; text_align=&#8221;left&#8221; css_animation=&#8221;&#8221;][vc_column][vc_separator type=&#8221;normal&#8221; border_style=&#8221;&#8221;][\/vc_column][\/vc_row][vc_row row_type=&#8221;row&#8221; use_row_as_full_screen_section=&#8221;no&#8221; type=&#8221;full_width&#8221; text_align=&#8221;left&#8221; padding_top=&#8221;0&#8243; css_animation=&#8221;&#8221;][vc_column width=&#8221;1\/2&#8243;][vc_single_image image=&#8221;1078&#8243; img_size=&#8221;800&#215;500&#8243; qode_css_animation=&#8221;&#8221;][\/vc_column][vc_column width=&#8221;1\/2&#8243;][vc_column_text]<strong>Mi\u00e9rcoles, 24 Octubre 2018<br \/>\n<\/strong><strong>UdelaR &#8211; Universidad de la Rep\u00fablica<\/strong><\/p>\n<p>El 24 de octubre de 2018 tuvo lugar en la Universidad de la Rep\u00fablica una Conferencia Internacional sobre las<strong> tendencias del reconocimiento y la movilidad de los estudiantes<\/strong>. Se puso especial atenci\u00f3n en la movilidad entre los pa\u00edses del MERCOSUR y la reforma legislativa mexicana sobre el reconocimiento de t\u00edtulos acad\u00e9micos. Otro tema importante del d\u00eda fue el de los\u00a0<strong><em>diploma mills<\/em><\/strong>: el fen\u00f3meno y c\u00f3mo abordarlo.[\/vc_column_text][\/vc_column][\/vc_row][vc_row row_type=&#8221;row&#8221; use_row_as_full_screen_section=&#8221;no&#8221; type=&#8221;full_width&#8221; text_align=&#8221;left&#8221; css_animation=&#8221;&#8221;][vc_column][vc_separator type=&#8221;small&#8221; position=&#8221;left&#8221; color=&#8221;#ededed&#8221; border_style=&#8221;&#8221;][\/vc_column][\/vc_row][vc_row row_type=&#8221;row&#8221; use_row_as_full_screen_section=&#8221;no&#8221; type=&#8221;full_width&#8221; text_align=&#8221;left&#8221; padding_bottom=&#8221;0&#8243; css_animation=&#8221;&#8221;][vc_column]<div class=\"custom_font_holder\" style=\" font-size: 35px; line-height: 25px; font-style: normal; font-weight: 300; color: #e3032e; text-decoration: none; text-align: left;\"><span>Reuniones de proyecto<\/p>\n<hr \/>\n<p><\/span><\/div>[\/vc_column][\/vc_row][vc_row row_type=&#8221;row&#8221; use_row_as_full_screen_section=&#8221;no&#8221; type=&#8221;full_width&#8221; text_align=&#8221;left&#8221; css_animation=&#8221;&#8221;][vc_column][vc_column_text]<span lang=\"ES\"><strong>Varias reuniones del consorcio se llevar\u00f3n a cabo durante el proceso del proyecto RecoLATIN<\/strong> para organizar, monitorear, discutir y administrar las actividades del proyecto<\/span>.[\/vc_column_text][vc_separator type=&#8221;transparent&#8221; border_style=&#8221;&#8221;][\/vc_column][\/vc_row][vc_row row_type=&#8221;row&#8221; use_row_as_full_screen_section=&#8221;no&#8221; type=&#8221;full_width&#8221; text_align=&#8221;left&#8221; css_animation=&#8221;&#8221;][vc_column width=&#8221;1\/2&#8243;][vc_column_text]La <strong>\u00faltima reuni\u00f3n del Consorcio<\/strong> tuvo lugar en Roma, en la sede del CRUI, entre finales de septiembre y principios de octubre. Fue una ocasi\u00f3n formidable para <strong>evaluar el trabajo realizado durante los tres a\u00f1os<\/strong> del proyecto y para establecer un di\u00e1logo din\u00e1mico sobre las formas de poner en pr\u00e1ctica el plan de sostenibilidad del proyecto.[\/vc_column_text][\/vc_column][vc_column width=&#8221;1\/2&#8243;][vc_single_image image=&#8221;1066&#8243; img_size=&#8221;800&#215;500&#8243; qode_css_animation=&#8221;&#8221;][\/vc_column][\/vc_row][vc_row row_type=&#8221;row&#8221; use_row_as_full_screen_section=&#8221;no&#8221; type=&#8221;full_width&#8221; text_align=&#8221;left&#8221; css_animation=&#8221;&#8221;][vc_column][vc_separator type=&#8221;normal&#8221; border_style=&#8221;&#8221;][\/vc_column][\/vc_row][vc_row row_type=&#8221;row&#8221; use_row_as_full_screen_section=&#8221;no&#8221; type=&#8221;full_width&#8221; text_align=&#8221;left&#8221; css_animation=&#8221;&#8221;][vc_column width=&#8221;1\/2&#8243;][vc_single_image image=&#8221;1051&#8243; img_size=&#8221;800&#215;500&#8243; qode_css_animation=&#8221;&#8221;][vc_column_text][\/vc_column_text][\/vc_column][vc_column width=&#8221;1\/2&#8243;][vc_column_text]El 12 de junio se celebr\u00f3 en la <strong>Ciudad de M\u00e9xico la cuarta Reuni\u00f3n del Consorcio<\/strong>. Los socios latinoamericanos tuvieron la oportunidad de compartir la <strong>versi\u00f3n final de las Directrices Transnacionales de Educaci\u00f3n<\/strong> y se presentaron los <strong>resultados de la actividad &#8220;Calidad y Reconocimiento&#8221; del WP6<\/strong>.[\/vc_column_text][\/vc_column][\/vc_row][vc_row row_type=&#8221;row&#8221; use_row_as_full_screen_section=&#8221;no&#8221; type=&#8221;full_width&#8221; text_align=&#8221;left&#8221; css_animation=&#8221;&#8221;][vc_column][vc_separator type=&#8221;normal&#8221; border_style=&#8221;&#8221;][\/vc_column][\/vc_row][vc_row row_type=&#8221;row&#8221; use_row_as_full_screen_section=&#8221;no&#8221; type=&#8221;full_width&#8221; text_align=&#8221;left&#8221; css_animation=&#8221;&#8221;][vc_column width=&#8221;1\/2&#8243;][vc_column_text]En octubre de 2018 se realiz\u00f3 en <strong>Montevideo, en la Universidad Cat\u00f3lica del Uruguay, la tercera Reuni\u00f3n del Consorcio del proyecto RecoLATIN<\/strong>. Los socios del proyecto de <strong>M\u00e9xico, Panam\u00e1, Uruguay, Francia, Italia y Noruega<\/strong> presentaron sus actividades del segundo a\u00f1o del proyecto y planearon el desarrollo futuro del proyecto.[\/vc_column_text][\/vc_column][vc_column width=&#8221;1\/2&#8243;][vc_single_image image=&#8221;1075&#8243; img_size=&#8221;800&#215;500&#8243; qode_css_animation=&#8221;&#8221;][\/vc_column][\/vc_row][vc_row row_type=&#8221;row&#8221; use_row_as_full_screen_section=&#8221;no&#8221; type=&#8221;full_width&#8221; text_align=&#8221;left&#8221; css_animation=&#8221;&#8221;][vc_column][vc_separator type=&#8221;normal&#8221; border_style=&#8221;&#8221;][\/vc_column][\/vc_row][vc_row row_type=&#8221;row&#8221; use_row_as_full_screen_section=&#8221;no&#8221; type=&#8221;full_width&#8221; text_align=&#8221;left&#8221; css_animation=&#8221;&#8221;][vc_column width=&#8221;1\/2&#8243;][vc_single_image image=&#8221;536&#8243; img_size=&#8221;800&#215;500&#8243; qode_css_animation=&#8221;&#8221;][\/vc_column][vc_column width=&#8221;1\/2&#8243;][vc_column_text]<span lang=\"ES\">En <strong>diciembre de 2017 se llev\u00f3 a cabo un Seminario sobre Informes Nacionales en Par\u00eds<\/strong>. Los socios conocieron los Informes Nacionales y comenzaron a redactar tres Informes Nacionales para sus pa\u00edses.<\/span>[\/vc_column_text][\/vc_column][\/vc_row][vc_row row_type=&#8221;row&#8221; use_row_as_full_screen_section=&#8221;no&#8221; type=&#8221;full_width&#8221; text_align=&#8221;left&#8221; css_animation=&#8221;&#8221;][vc_column][vc_separator type=&#8221;normal&#8221; border_style=&#8221;&#8221;][\/vc_column][\/vc_row][vc_row row_type=&#8221;row&#8221; use_row_as_full_screen_section=&#8221;no&#8221; type=&#8221;full_width&#8221; text_align=&#8221;left&#8221; css_animation=&#8221;&#8221;][vc_column width=&#8221;1\/2&#8243;][vc_column_text]La <strong>segunda Reuni\u00f3n del Consorcio del proyecto RecoLATIN tuvo lugar en S\u00e8vres en el CIEP<\/strong>. Los socios del proyecto presentaron los resultados de las actividades del primer a\u00f1o y planificaron el desarrollo futuro del proyecto.[\/vc_column_text][\/vc_column][vc_column width=&#8221;1\/2&#8243;][vc_single_image image=&#8221;535&#8243; img_size=&#8221;800&#215;500&#8243; qode_css_animation=&#8221;&#8221;][\/vc_column][\/vc_row][vc_row row_type=&#8221;row&#8221; use_row_as_full_screen_section=&#8221;no&#8221; type=&#8221;full_width&#8221; text_align=&#8221;left&#8221; css_animation=&#8221;&#8221;][vc_column][vc_separator type=&#8221;normal&#8221; border_style=&#8221;&#8221;][\/vc_column][\/vc_row][vc_row row_type=&#8221;row&#8221; use_row_as_full_screen_section=&#8221;no&#8221; type=&#8221;full_width&#8221; text_align=&#8221;left&#8221; css_animation=&#8221;&#8221;][vc_column width=&#8221;1\/2&#8243;][vc_single_image image=&#8221;369&#8243; img_size=&#8221;800&#215;500&#8243; qode_css_animation=&#8221;&#8221;][\/vc_column][vc_column width=&#8221;1\/2&#8243;][vc_column_text]<span lang=\"ES\">La <strong>reuni\u00f3n inicial que tuvo lugar en febrero de 2017 en la ciudad de Panam\u00e1<\/strong> present\u00f3 las actividades del proyecto y dio la oportunidad de conocer a todos los <strong>socios del proyecto de Panam\u00e1, M\u00e9xico, Uruguay, Noruega, Francia e Italia<\/strong>. Fue el momento de presentar las actividades y tareas de un \u00fanico proyecto para los socios individuales y hablar sobre cuestiones administrativas y financieras.<\/span>[\/vc_column_text][\/vc_column][\/vc_row]<\/p>\n","protected":false},"excerpt":{"rendered":"<p>[vc_row row_type=&#8221;row&#8221; use_row_as_full_screen_section=&#8221;no&#8221; type=&#8221;full_width&#8221; text_align=&#8221;left&#8221; padding_top=&#8221;0&#8243; css_animation=&#8221;&#8221;][vc_column][\/vc_column][\/vc_row][vc_row row_type=&#8221;row&#8221; use_row_as_full_screen_section=&#8221;no&#8221; type=&#8221;full_width&#8221; text_align=&#8221;left&#8221; css_animation=&#8221;&#8221;][vc_column][vc_column_text]Se han organizado dos conferencias internacionales al final del proyecto RecoLATIN en 2019, una en M\u00e9xico y otra en Italia. Estos eventos se dirigen especialmente al personal de universidades de Am\u00e9rica Latina y Europa,&#8230;<\/p>\n","protected":false},"author":24,"featured_media":0,"parent":0,"menu_order":0,"comment_status":"closed","ping_status":"closed","template":"","meta":[],"_links":{"self":[{"href":"https:\/\/www.recolatin.eu\/es\/wp-json\/wp\/v2\/pages\/711"}],"collection":[{"href":"https:\/\/www.recolatin.eu\/es\/wp-json\/wp\/v2\/pages"}],"about":[{"href":"https:\/\/www.recolatin.eu\/es\/wp-json\/wp\/v2\/types\/page"}],"author":[{"embeddable":true,"href":"https:\/\/www.recolatin.eu\/es\/wp-json\/wp\/v2\/users\/24"}],"replies":[{"embeddable":true,"href":"https:\/\/www.recolatin.eu\/es\/wp-json\/wp\/v2\/comments?post=711"}],"version-history":[{"count":36,"href":"https:\/\/www.recolatin.eu\/es\/wp-json\/wp\/v2\/pages\/711\/revisions"}],"predecessor-version":[{"id":879,"href":"https:\/\/www.recolatin.eu\/es\/wp-json\/wp\/v2\/pages\/711\/revisions\/879"}],"wp:attachment":[{"href":"https:\/\/www.recolatin.eu\/es\/wp-json\/wp\/v2\/media?parent=711"}],"curies":[{"name":"wp","href":"https:\/\/api.w.org\/{rel}","templated":true}]}}