{"id":714,"date":"2017-06-20T15:00:57","date_gmt":"2017-06-20T13:00:57","guid":{"rendered":"http:\/\/www.recolatin.eu\/new\/results\/"},"modified":"2019-12-18T14:26:22","modified_gmt":"2019-12-18T13:26:22","slug":"resultados","status":"publish","type":"page","link":"https:\/\/www.recolatin.eu\/es\/resultados\/","title":{"rendered":"Resultados"},"content":{"rendered":"<p>[vc_row row_type=&#8221;row&#8221; use_row_as_full_screen_section=&#8221;no&#8221; type=&#8221;full_width&#8221; text_align=&#8221;left&#8221; css_animation=&#8221;&#8221;][vc_column]<div class=\"custom_font_holder\" style=\" font-size: 35px; line-height: 25px; font-style: normal; font-weight: 300; color: #e3032e; text-decoration: none; text-align: left;\"><span>Resultados del Proyecto<\/p>\n<hr \/>\n<p><\/span><\/div>[vc_column_text]<span lang=\"ES\">Las actividades del proyecto RecoLATIN llevaran a largo plazo a una <strong>mejora del reconocimiento de t\u00edtulos extranjeros y una mejora en la movilidad de los estudiantes entre los sistemas de educaci\u00f3n superior latinoamericanos y europeos<\/strong>.<\/span><\/p>\n<p>Los principales resultados del proyecto <strong>fueron presentados durante las conferencias finales del proyecto en Italia y M\u00e9xico en 2019<\/strong>. Entre otros se presentaron los <strong>Informes Nacionales sobre los sistemas educativos de M\u00e9xico, Panam\u00e1 y Uruguay<\/strong>. Los informes describen las instituciones de educaci\u00f3n superior mexicanas, paname\u00f1as y uruguayas, sus programas y calificaciones con el objetivo de facilitar la circulaci\u00f3n de informaci\u00f3n clara y completa, \u00fatil para los funcionarios de admisiones, evaluadores de credenciales y estudiantes con experiencia en estudios en el extranjero.<\/p>\n<ul>\n<li><strong><span lang=\"ES\">Informe nacional sobre los sistemas de educaci\u00f3n superior de M\u00e9xico<br \/>\n<\/span><\/strong><span lang=\"ES\"><a href=\"http:\/\/www.recolatin.eu\/wp-content\/uploads\/2017\/06\/National-Report-on-the-Higher-Education-systems-of-Mexico_EN-1.pdf\">ingl\u00e9s<\/a> \/ <a href=\"http:\/\/www.recolatin.eu\/wp-content\/uploads\/2017\/06\/National-Report-on-the-Higher-Education-systems-of-Mexico_ES-2.pdf\">espa\u00f1ol<\/a><\/span><\/li>\n<li><strong><span lang=\"ES\">Informe nacional sobre los sistemas de educaci\u00f3n superior de Panam\u00e1<\/span><\/strong><span lang=\"ES\"><br \/>\n<a href=\"http:\/\/www.recolatin.eu\/wp-content\/uploads\/2017\/06\/Panama_National_Report_EN.pdf\">ingl\u00e9s<\/a>\u00a0\/ <a href=\"http:\/\/www.recolatin.eu\/wp-content\/uploads\/2017\/06\/Panama_National_Report_ES.pdf\">espa\u00f1ol<\/a><\/span><strong><span lang=\"ES\"><br \/>\n<\/span><\/strong><\/li>\n<li><strong><span lang=\"ES\">Informe nacional sobre los sistemas de educaci\u00f3n superior de Uruguay<br \/>\n<\/span><\/strong><span lang=\"ES\"><a href=\"http:\/\/www.recolatin.eu\/wp-content\/uploads\/2017\/06\/National-Report-Uruguay_EN.pdf\">ingl\u00e9s<\/a> \/ <a href=\"http:\/\/www.recolatin.eu\/wp-content\/uploads\/2017\/06\/National-Report-on-the-Higher-Education-systems-of-Uruguay_ES_ridotto.pdf\">espa\u00f1ol<\/a><\/span><strong><span lang=\"ES\"><br \/>\n<\/span><\/strong><\/li>\n<\/ul>\n<p><span lang=\"ES\">Se ha centrado de modo especial en los casos controvertidos de reconocimiento y en sectores como la Educaci\u00f3n Transnacional (TNE) y las instituciones internacionales, las calificaciones de aprendizaje a distancia y la educaci\u00f3n no tradicional, y los socios del proyecto elaborar\u00e1n <strong>pautas para la evaluaci\u00f3n de programas para la evaluaci\u00f3n de instituciones no tradicionales, transfronterizas o transnacionales y educaci\u00f3n a distancia<\/strong>:\u00a0<\/span><\/p>\n<ul>\n<li>Informe sobre la TNE &#8211; Mexico<br \/>\n<a href=\"http:\/\/www.recolatin.eu\/wp-content\/uploads\/2017\/06\/Educacion-transfronteriza-MX.pdf\">espa\u00f1ol<\/a><\/li>\n<li>Informe sobre la TNE &#8211; Panama<br \/>\n<a href=\"http:\/\/www.recolatin.eu\/wp-content\/uploads\/2017\/06\/Educacion-transfronteriza-PN.pdf\">espa\u00f1ol<\/a><\/li>\n<li>Informe sobre la TNE &#8211; Uruguay<br \/>\n<a href=\"http:\/\/www.recolatin.eu\/wp-content\/uploads\/2017\/06\/Educacion-transfronteriza-UR.pdf\">espa\u00f1ol<\/a><\/li>\n<\/ul>\n<p>[\/vc_column_text][\/vc_column][\/vc_row]<\/p>\n","protected":false},"excerpt":{"rendered":"<p>[vc_row row_type=&#8221;row&#8221; use_row_as_full_screen_section=&#8221;no&#8221; type=&#8221;full_width&#8221; text_align=&#8221;left&#8221; css_animation=&#8221;&#8221;][vc_column][vc_column_text]Las actividades del proyecto RecoLATIN llevaran a largo plazo a una mejora del reconocimiento de t\u00edtulos extranjeros y una mejora en la movilidad de los estudiantes entre los sistemas de educaci\u00f3n superior latinoamericanos y europeos. Los principales resultados del proyecto&#8230;<\/p>\n","protected":false},"author":24,"featured_media":0,"parent":0,"menu_order":0,"comment_status":"closed","ping_status":"closed","template":"","meta":[],"_links":{"self":[{"href":"https:\/\/www.recolatin.eu\/es\/wp-json\/wp\/v2\/pages\/714"}],"collection":[{"href":"https:\/\/www.recolatin.eu\/es\/wp-json\/wp\/v2\/pages"}],"about":[{"href":"https:\/\/www.recolatin.eu\/es\/wp-json\/wp\/v2\/types\/page"}],"author":[{"embeddable":true,"href":"https:\/\/www.recolatin.eu\/es\/wp-json\/wp\/v2\/users\/24"}],"replies":[{"embeddable":true,"href":"https:\/\/www.recolatin.eu\/es\/wp-json\/wp\/v2\/comments?post=714"}],"version-history":[{"count":8,"href":"https:\/\/www.recolatin.eu\/es\/wp-json\/wp\/v2\/pages\/714\/revisions"}],"predecessor-version":[{"id":1135,"href":"https:\/\/www.recolatin.eu\/es\/wp-json\/wp\/v2\/pages\/714\/revisions\/1135"}],"wp:attachment":[{"href":"https:\/\/www.recolatin.eu\/es\/wp-json\/wp\/v2\/media?parent=714"}],"curies":[{"name":"wp","href":"https:\/\/api.w.org\/{rel}","templated":true}]}}